{"id":247,"date":"2024-06-12T08:19:56","date_gmt":"2024-06-12T08:19:56","guid":{"rendered":"https:\/\/azulejosutrilla.cibert.net\/?page_id=247"},"modified":"2024-06-12T08:25:52","modified_gmt":"2024-06-12T08:25:52","slug":"aviso-legal","status":"publish","type":"page","link":"https:\/\/azulejosutrilla.es\/?page_id=247","title":{"rendered":"Aviso Legal"},"content":{"rendered":"\t\t<div data-elementor-type=\"wp-page\" data-elementor-id=\"247\" class=\"elementor elementor-247\" data-elementor-post-type=\"page\">\n\t\t\t\t<div class=\"elementor-element elementor-element-873b97f e-flex e-con-boxed e-con e-parent\" data-id=\"873b97f\" data-element_type=\"container\" data-e-type=\"container\">\n\t\t\t\t\t<div class=\"e-con-inner\">\n\t\t\t\t<div class=\"elementor-element elementor-element-5d5731d elementor-widget elementor-widget-heading\" data-id=\"5d5731d\" data-element_type=\"widget\" data-e-type=\"widget\" data-widget_type=\"heading.default\">\n\t\t\t\t<div class=\"elementor-widget-container\">\n\t\t\t\t\t<h2 class=\"elementor-heading-title elementor-size-default\">Aviso Legal<\/h2>\t\t\t\t<\/div>\n\t\t\t\t<\/div>\n\t\t\t\t<div class=\"elementor-element elementor-element-9b5f6a0 elementor-widget elementor-widget-text-editor\" data-id=\"9b5f6a0\" data-element_type=\"widget\" data-e-type=\"widget\" data-widget_type=\"text-editor.default\">\n\t\t\t\t<div class=\"elementor-widget-container\">\n\t\t\t\t\t\t\t\t\t<ol><li class=\"bodytext\">El titular de este sitio web es AZULEJOS UTRILLA S.A., con N.I.F. A45043650, con domicilio en .<\/li><li class=\"bodytext\">El acceso al site de AZULEJOS UTRILLA S.A. es gratuito. Todo el contenido es propiedad intelectual de AZULEJOS UTRILLA S.A.. Cualquier utilizaci\u00f3n de los mismos contraria a las normas en materia de propiedad intelectual ser\u00e1 perseguida con arreglo a la legislaci\u00f3n vigente.<\/li><\/ol>\t\t\t\t\t\t\t\t<\/div>\n\t\t\t\t<\/div>\n\t\t\t\t\t<\/div>\n\t\t\t\t<\/div>\n\t\t\t\t<\/div>\n\t\t","protected":false},"excerpt":{"rendered":"<p>Aviso Legal El titular de este sitio web es AZULEJOS UTRILLA S.A., con N.I.F. A45043650, con domicilio en . El acceso al site de AZULEJOS UTRILLA S.A. es gratuito. Todo el contenido es propiedad intelectual de AZULEJOS UTRILLA S.A.. Cualquier utilizaci\u00f3n de los mismos contraria a las normas en materia de propiedad intelectual ser\u00e1 perseguida [&hellip;]<\/p>\n","protected":false},"author":1,"featured_media":0,"parent":0,"menu_order":0,"comment_status":"closed","ping_status":"closed","template":"elementor_header_footer","meta":{"footnotes":""},"class_list":["post-247","page","type-page","status-publish","hentry"],"_links":{"self":[{"href":"https:\/\/azulejosutrilla.es\/index.php?rest_route=\/wp\/v2\/pages\/247","targetHints":{"allow":["GET"]}}],"collection":[{"href":"https:\/\/azulejosutrilla.es\/index.php?rest_route=\/wp\/v2\/pages"}],"about":[{"href":"https:\/\/azulejosutrilla.es\/index.php?rest_route=\/wp\/v2\/types\/page"}],"author":[{"embeddable":true,"href":"https:\/\/azulejosutrilla.es\/index.php?rest_route=\/wp\/v2\/users\/1"}],"replies":[{"embeddable":true,"href":"https:\/\/azulejosutrilla.es\/index.php?rest_route=%2Fwp%2Fv2%2Fcomments&post=247"}],"version-history":[{"count":10,"href":"https:\/\/azulejosutrilla.es\/index.php?rest_route=\/wp\/v2\/pages\/247\/revisions"}],"predecessor-version":[{"id":258,"href":"https:\/\/azulejosutrilla.es\/index.php?rest_route=\/wp\/v2\/pages\/247\/revisions\/258"}],"wp:attachment":[{"href":"https:\/\/azulejosutrilla.es\/index.php?rest_route=%2Fwp%2Fv2%2Fmedia&parent=247"}],"curies":[{"name":"wp","href":"https:\/\/api.w.org\/{rel}","templated":true}]}}