{"id":227,"date":"2024-06-12T07:20:27","date_gmt":"2024-06-12T07:20:27","guid":{"rendered":"https:\/\/azulejosutrilla.cibert.net\/?page_id=227"},"modified":"2024-06-12T07:30:54","modified_gmt":"2024-06-12T07:30:54","slug":"calor","status":"publish","type":"page","link":"https:\/\/azulejosutrilla.es\/?page_id=227","title":{"rendered":"Calor"},"content":{"rendered":"\t\t<div data-elementor-type=\"wp-page\" data-elementor-id=\"227\" class=\"elementor elementor-227\" data-elementor-post-type=\"page\">\n\t\t\t\t<div class=\"elementor-element elementor-element-130b8e7 e-flex e-con-boxed e-con e-parent\" data-id=\"130b8e7\" data-element_type=\"container\" data-e-type=\"container\" data-settings=\"{&quot;background_background&quot;:&quot;classic&quot;}\">\n\t\t\t\t\t<div class=\"e-con-inner\">\n\t\t\t\t<div class=\"elementor-element elementor-element-8f1bcf6 elementor-widget elementor-widget-heading\" data-id=\"8f1bcf6\" data-element_type=\"widget\" data-e-type=\"widget\" data-widget_type=\"heading.default\">\n\t\t\t\t<div class=\"elementor-widget-container\">\n\t\t\t\t\t<h2 class=\"elementor-heading-title elementor-size-default\">Estufas en Toledo<\/h2>\t\t\t\t<\/div>\n\t\t\t\t<\/div>\n\t\t\t\t\t<\/div>\n\t\t\t\t<\/div>\n\t\t<div class=\"elementor-element elementor-element-8ba9997 e-flex e-con-boxed e-con e-parent\" data-id=\"8ba9997\" data-element_type=\"container\" data-e-type=\"container\">\n\t\t\t\t\t<div class=\"e-con-inner\">\n\t\t\t\t<div class=\"elementor-element elementor-element-312d568 elementor-widget elementor-widget-heading\" data-id=\"312d568\" data-element_type=\"widget\" data-e-type=\"widget\" data-widget_type=\"heading.default\">\n\t\t\t\t<div class=\"elementor-widget-container\">\n\t\t\t\t\t<h2 class=\"elementor-heading-title elementor-size-default\">Estufas\n<\/h2>\t\t\t\t<\/div>\n\t\t\t\t<\/div>\n\t\t\t\t<div class=\"elementor-element elementor-element-ddf3a8c txt-lnk elementor-widget elementor-widget-text-editor\" data-id=\"ddf3a8c\" data-element_type=\"widget\" data-e-type=\"widget\" data-widget_type=\"text-editor.default\">\n\t\t\t\t<div class=\"elementor-widget-container\">\n\t\t\t\t\t\t\t\t\t<p class=\"bodytext\">En\u00a0<strong>Azulejos Utrilla<\/strong>\u00a0ponemos a su disposici\u00f3n una amplia gama de art\u00edculos de\u00a0<strong>calor<\/strong>, como\u00a0<strong>estufas,\u00a0calderas\u00a0e\u00a0insertables.<\/strong> Disponemos de diferentes tipos de\u00a0estufas y calderas\u00a0con el que podr\u00e1 disfrutar del invierno en su hogar. En nuestras instalaciones de\u00a0<strong>Toledo<\/strong>\u00a0contamos con un equipo de profesionales que est\u00e1n especializados en este sector, d\u00e9jese asesorar por profesionales.<\/p><p class=\"bodytext\">A continuaci\u00f3n le contamos los diferentes<strong>\u00a0tipos de estufas<\/strong>\u00a0que podemos ofrecerles:<\/p><ul><li class=\"bodytext\"><strong>Insertables<\/strong><\/li><\/ul><p class=\"bodytext\">Este tipo de estufas pueden ser de\u00a0<strong>le\u00f1a<\/strong>\u00a0o de\u00a0<strong>pellet<\/strong>. Son sistemas de calor seguros, con\u00a0<strong>doble regulaci\u00f3n<\/strong>. Con este tipo de estufas podr\u00e1 aportar un elemento de dise\u00f1o a la ubicaci\u00f3n donde vaya a realizar la\u00a0<strong>instalaci\u00f3n.<\/strong><\/p><p class=\"bodytext\">Las<strong>\u00a0insertables<\/strong>\u00a0son dise\u00f1os de\u00a0<strong>estufas empotrables\u00a0<\/strong>con ventilaci\u00f3n que har\u00e1n de su casa un hogar m\u00e1s c\u00f3modo. Cons\u00faltenos sobre los diferentes modelos y su potencias.<\/p><ul><li class=\"bodytext\"><strong>Estufas<\/strong><\/li><\/ul><p class=\"bodytext\">Conozca los diferentes\u00a0<strong>modelos de estufas<\/strong>\u00a0que podremos ofrecerle en\u00a0<strong>Azulejos Utrilla.<\/strong> Se trata de un elemento de calor\u00a0<strong>sencillo\u00a0y\u00a0econ\u00f3mico,<\/strong> con gran potencia de calor, autonom\u00eda y uso vers\u00e1til. Consulte con nosotros.<\/p><p class=\"bodytext\">Hay muchos tipos de\u00a0<strong>estufas<\/strong>\u00a0por eso le invitamos a que nos visite en nuestra tienda de\u00a0<strong>Toledo<\/strong>\u00a0y all\u00ed podr\u00e1 comprobar la gran variedad que tenemos para usted.<\/p><ul><li class=\"bodytext\"><strong>Estufas de Pellet<\/strong><\/li><\/ul><p class=\"bodytext\">Desde hace miles de a\u00f1os la principal fuente de calor ha sido la\u00a0<strong>madera,<\/strong> con la evoluci\u00f3n y mezcla de diversas<strong>\u00a0energ\u00edas esa madera<\/strong>\u00a0se convierte en<strong>\u00a0pellets<\/strong>\u00a0que acent\u00faan el poder calor\u00edfico y lo conduran mucho m\u00e1s que las estufas tradicionales de\u00a0<strong>le\u00f1a.<\/strong><\/p><p class=\"bodytext\">El sistema de\u00a0calefacci\u00f3n\u00a0mediante pellets cada vez es m\u00e1s com\u00fan. . <strong>Los\u00a0pellets<\/strong>\u00a0son un tipo de\u00a0<strong>biomasa,<\/strong> un combustible renovable con un alto poder calor\u00edfico, aunque pueden resultar m\u00e1s caras que otras estufas estas son de las m\u00e1s<strong>\u00a0seguras y eficientes<\/strong>\u00a0que hay en el mercado, adem\u00e1s, su mantenimiento es muy sencillo.<\/p><ul><li class=\"bodytext\"><strong>Calderas en Toledo<\/strong><\/li><\/ul><p class=\"bodytext\">Somos\u00a0<strong>Azulejos Utrilla,<\/strong> ofrecemos un servicio especializado en producto de calor como las calderas.\u00a0<a href=\"mailto:%E2%80%8Bazulejosutrilla@azulejosutrilla.es\" data-track-event=\"click\" data-track-action=\"email_link\">Contacte con nosotros<\/a>, nos encontramos en\u00a0<strong>Toledo.<\/strong> Estaremos encantados de recibirle y ayudarle con su proyecto.<\/p><ul><li class=\"bodytext\"><strong>Calderas de Biomasa<\/strong><\/li><\/ul><p class=\"bodytext\">La calefacci\u00f3n comenz\u00f3 por\u00a0<strong>calderas de carb\u00f3n,<\/strong> posteriormente de\u00a0<strong>le\u00f1a,\u00a0gas\u00f3leo,\u00a0gas<\/strong>\u00a0y actualmente con\u00a0<strong>biomasa<\/strong>, la cual es mucho m\u00e1s limpia con los gases efecto invernadero<\/p>\t\t\t\t\t\t\t\t<\/div>\n\t\t\t\t<\/div>\n\t\t\t\t\t<\/div>\n\t\t\t\t<\/div>\n\t\t<div class=\"elementor-element elementor-element-8e3caa6 e-flex e-con-boxed e-con e-parent\" data-id=\"8e3caa6\" data-element_type=\"container\" data-e-type=\"container\">\n\t\t\t\t\t<div class=\"e-con-inner\">\n\t\t\t\t<div class=\"elementor-element elementor-element-b2bdb67 elementor-widget elementor-widget-gallery\" data-id=\"b2bdb67\" data-element_type=\"widget\" data-e-type=\"widget\" data-settings=\"{&quot;aspect_ratio&quot;:&quot;4:3&quot;,&quot;lazyload&quot;:&quot;yes&quot;,&quot;gallery_layout&quot;:&quot;grid&quot;,&quot;columns&quot;:4,&quot;columns_tablet&quot;:2,&quot;columns_mobile&quot;:1,&quot;gap&quot;:{&quot;unit&quot;:&quot;px&quot;,&quot;size&quot;:10,&quot;sizes&quot;:[]},&quot;gap_tablet&quot;:{&quot;unit&quot;:&quot;px&quot;,&quot;size&quot;:10,&quot;sizes&quot;:[]},&quot;gap_mobile&quot;:{&quot;unit&quot;:&quot;px&quot;,&quot;size&quot;:10,&quot;sizes&quot;:[]},&quot;link_to&quot;:&quot;file&quot;,&quot;overlay_background&quot;:&quot;yes&quot;,&quot;content_hover_animation&quot;:&quot;fade-in&quot;}\" data-widget_type=\"gallery.default\">\n\t\t\t\t<div class=\"elementor-widget-container\">\n\t\t\t\t\t\t\t<div class=\"elementor-gallery__container\">\n\t\t\t\t\t\t\t<a class=\"e-gallery-item elementor-gallery-item elementor-animated-content\" href=\"https:\/\/azulejosutrilla.es\/wp-content\/uploads\/2024\/06\/1-4.jpg\" data-elementor-open-lightbox=\"yes\" data-elementor-lightbox-slideshow=\"b2bdb67\" data-elementor-lightbox-title=\"1\" data-e-action-hash=\"#elementor-action%3Aaction%3Dlightbox%26settings%3DeyJpZCI6MjM0LCJ1cmwiOiJodHRwczpcL1wvYXp1bGVqb3N1dHJpbGxhLmVzXC93cC1jb250ZW50XC91cGxvYWRzXC8yMDI0XC8wNlwvMS00LmpwZyIsInNsaWRlc2hvdyI6ImIyYmRiNjcifQ%3D%3D\">\n\t\t\t\t\t<div class=\"e-gallery-image elementor-gallery-item__image\" data-thumbnail=\"https:\/\/azulejosutrilla.es\/wp-content\/uploads\/2024\/06\/1-4.jpg\" data-width=\"276\" data-height=\"248\" aria-label=\"\" role=\"img\" ><\/div>\n\t\t\t\t\t\t\t\t\t\t\t<div class=\"elementor-gallery-item__overlay\"><\/div>\n\t\t\t\t\t\t\t\t\t\t\t\t\t\t<\/a>\n\t\t\t\t\t\t\t<a class=\"e-gallery-item elementor-gallery-item elementor-animated-content\" href=\"https:\/\/azulejosutrilla.es\/wp-content\/uploads\/2024\/06\/2-3.jpg\" data-elementor-open-lightbox=\"yes\" data-elementor-lightbox-slideshow=\"b2bdb67\" data-elementor-lightbox-title=\"2\" data-e-action-hash=\"#elementor-action%3Aaction%3Dlightbox%26settings%3DeyJpZCI6MjM1LCJ1cmwiOiJodHRwczpcL1wvYXp1bGVqb3N1dHJpbGxhLmVzXC93cC1jb250ZW50XC91cGxvYWRzXC8yMDI0XC8wNlwvMi0zLmpwZyIsInNsaWRlc2hvdyI6ImIyYmRiNjcifQ%3D%3D\">\n\t\t\t\t\t<div class=\"e-gallery-image elementor-gallery-item__image\" data-thumbnail=\"https:\/\/azulejosutrilla.es\/wp-content\/uploads\/2024\/06\/2-3.jpg\" data-width=\"276\" data-height=\"248\" aria-label=\"\" role=\"img\" ><\/div>\n\t\t\t\t\t\t\t\t\t\t\t<div class=\"elementor-gallery-item__overlay\"><\/div>\n\t\t\t\t\t\t\t\t\t\t\t\t\t\t<\/a>\n\t\t\t\t\t\t\t<a class=\"e-gallery-item elementor-gallery-item elementor-animated-content\" href=\"https:\/\/azulejosutrilla.es\/wp-content\/uploads\/2024\/06\/3-4.jpg\" data-elementor-open-lightbox=\"yes\" data-elementor-lightbox-slideshow=\"b2bdb67\" data-elementor-lightbox-title=\"3\" data-e-action-hash=\"#elementor-action%3Aaction%3Dlightbox%26settings%3DeyJpZCI6MjM2LCJ1cmwiOiJodHRwczpcL1wvYXp1bGVqb3N1dHJpbGxhLmVzXC93cC1jb250ZW50XC91cGxvYWRzXC8yMDI0XC8wNlwvMy00LmpwZyIsInNsaWRlc2hvdyI6ImIyYmRiNjcifQ%3D%3D\">\n\t\t\t\t\t<div class=\"e-gallery-image elementor-gallery-item__image\" data-thumbnail=\"https:\/\/azulejosutrilla.es\/wp-content\/uploads\/2024\/06\/3-4.jpg\" data-width=\"276\" data-height=\"248\" aria-label=\"\" role=\"img\" ><\/div>\n\t\t\t\t\t\t\t\t\t\t\t<div class=\"elementor-gallery-item__overlay\"><\/div>\n\t\t\t\t\t\t\t\t\t\t\t\t\t\t<\/a>\n\t\t\t\t\t\t\t<a class=\"e-gallery-item elementor-gallery-item elementor-animated-content\" href=\"https:\/\/azulejosutrilla.es\/wp-content\/uploads\/2024\/06\/4-3.jpg\" data-elementor-open-lightbox=\"yes\" data-elementor-lightbox-slideshow=\"b2bdb67\" data-elementor-lightbox-title=\"4\" data-e-action-hash=\"#elementor-action%3Aaction%3Dlightbox%26settings%3DeyJpZCI6MjM3LCJ1cmwiOiJodHRwczpcL1wvYXp1bGVqb3N1dHJpbGxhLmVzXC93cC1jb250ZW50XC91cGxvYWRzXC8yMDI0XC8wNlwvNC0zLmpwZyIsInNsaWRlc2hvdyI6ImIyYmRiNjcifQ%3D%3D\">\n\t\t\t\t\t<div class=\"e-gallery-image elementor-gallery-item__image\" data-thumbnail=\"https:\/\/azulejosutrilla.es\/wp-content\/uploads\/2024\/06\/4-3.jpg\" data-width=\"276\" data-height=\"248\" aria-label=\"\" role=\"img\" ><\/div>\n\t\t\t\t\t\t\t\t\t\t\t<div class=\"elementor-gallery-item__overlay\"><\/div>\n\t\t\t\t\t\t\t\t\t\t\t\t\t\t<\/a>\n\t\t\t\t\t<\/div>\n\t\t\t\t\t<\/div>\n\t\t\t\t<\/div>\n\t\t\t\t\t<\/div>\n\t\t\t\t<\/div>\n\t\t<div class=\"elementor-element elementor-element-dcec8b9 e-flex e-con-boxed e-con e-parent\" data-id=\"dcec8b9\" data-element_type=\"container\" data-e-type=\"container\">\n\t\t\t\t\t<div class=\"e-con-inner\">\n\t\t<div class=\"elementor-element elementor-element-eaf14d6 e-con-full e-flex e-con e-child\" data-id=\"eaf14d6\" data-element_type=\"container\" data-e-type=\"container\">\n\t\t\t\t<div class=\"elementor-element elementor-element-7a3000f elementor-widget elementor-widget-image\" data-id=\"7a3000f\" data-element_type=\"widget\" data-e-type=\"widget\" data-widget_type=\"image.default\">\n\t\t\t\t<div class=\"elementor-widget-container\">\n\t\t\t\t\t\t\t\t\t\t\t\t\t\t\t\t<a href=\"http:\/\/html.salgueda.com\/\">\n\t\t\t\t\t\t\t<img decoding=\"async\" width=\"271\" height=\"120\" src=\"https:\/\/azulejosutrilla.es\/wp-content\/uploads\/2024\/06\/932782-logo-salgueda.jpg\" class=\"attachment-large size-large wp-image-238\" alt=\"\" \/>\t\t\t\t\t\t\t\t<\/a>\n\t\t\t\t\t\t\t\t\t\t\t\t\t\t\t<\/div>\n\t\t\t\t<\/div>\n\t\t\t\t<\/div>\n\t\t<div class=\"elementor-element elementor-element-fdd1219 e-con-full e-flex e-con e-child\" data-id=\"fdd1219\" data-element_type=\"container\" data-e-type=\"container\">\n\t\t\t\t<div class=\"elementor-element elementor-element-c8683e4 elementor-widget elementor-widget-image\" data-id=\"c8683e4\" data-element_type=\"widget\" data-e-type=\"widget\" data-widget_type=\"image.default\">\n\t\t\t\t<div class=\"elementor-widget-container\">\n\t\t\t\t\t\t\t\t\t\t\t\t\t\t\t\t<a href=\"http:\/\/bronpi.com\/index.php\/es\/\">\n\t\t\t\t\t\t\t<img decoding=\"async\" width=\"271\" height=\"120\" src=\"https:\/\/azulejosutrilla.es\/wp-content\/uploads\/2024\/06\/932783-logo-Bronpi.jpg\" class=\"attachment-large size-large wp-image-239\" alt=\"\" \/>\t\t\t\t\t\t\t\t<\/a>\n\t\t\t\t\t\t\t\t\t\t\t\t\t\t\t<\/div>\n\t\t\t\t<\/div>\n\t\t\t\t<\/div>\n\t\t\t\t\t<\/div>\n\t\t\t\t<\/div>\n\t\t<div class=\"elementor-element elementor-element-ab582e2 blu-sect e-flex e-con-boxed e-con e-parent\" data-id=\"ab582e2\" data-element_type=\"container\" data-e-type=\"container\" data-settings=\"{&quot;background_background&quot;:&quot;classic&quot;}\">\n\t\t\t\t\t<div class=\"e-con-inner\">\n\t\t<div class=\"elementor-element elementor-element-1dfd591 e-flex e-con-boxed e-con e-child\" data-id=\"1dfd591\" data-element_type=\"container\" data-e-type=\"container\">\n\t\t\t\t\t<div class=\"e-con-inner\">\n\t\t\t\t<div class=\"elementor-element elementor-element-ae079a3 txt-lnk elementor-widget elementor-widget-heading\" data-id=\"ae079a3\" data-element_type=\"widget\" data-e-type=\"widget\" data-widget_type=\"heading.default\">\n\t\t\t\t<div class=\"elementor-widget-container\">\n\t\t\t\t\t<h2 class=\"elementor-heading-title elementor-size-default\">Empresa especializada en pavimentos y otros productos. <span><a href=\"tel:925418119\" style=\"color: #fff\">Contacte con nosotros<\/a><\/span>\n<\/h2>\t\t\t\t<\/div>\n\t\t\t\t<\/div>\n\t\t\t\t\t<\/div>\n\t\t\t\t<\/div>\n\t\t\t\t\t<\/div>\n\t\t\t\t<\/div>\n\t\t\t\t<\/div>\n\t\t","protected":false},"excerpt":{"rendered":"<p>Estufas en Toledo Estufas En\u00a0Azulejos Utrilla\u00a0ponemos a su disposici\u00f3n una amplia gama de art\u00edculos de\u00a0calor, como\u00a0estufas,\u00a0calderas\u00a0e\u00a0insertables. Disponemos de diferentes tipos de\u00a0estufas y calderas\u00a0con el que podr\u00e1 disfrutar del invierno en su hogar. En nuestras instalaciones de\u00a0Toledo\u00a0contamos con un equipo de profesionales que est\u00e1n especializados en este sector, d\u00e9jese asesorar por profesionales. A continuaci\u00f3n le contamos [&hellip;]<\/p>\n","protected":false},"author":1,"featured_media":0,"parent":0,"menu_order":0,"comment_status":"closed","ping_status":"closed","template":"elementor_header_footer","meta":{"footnotes":""},"class_list":["post-227","page","type-page","status-publish","hentry"],"_links":{"self":[{"href":"https:\/\/azulejosutrilla.es\/index.php?rest_route=\/wp\/v2\/pages\/227","targetHints":{"allow":["GET"]}}],"collection":[{"href":"https:\/\/azulejosutrilla.es\/index.php?rest_route=\/wp\/v2\/pages"}],"about":[{"href":"https:\/\/azulejosutrilla.es\/index.php?rest_route=\/wp\/v2\/types\/page"}],"author":[{"embeddable":true,"href":"https:\/\/azulejosutrilla.es\/index.php?rest_route=\/wp\/v2\/users\/1"}],"replies":[{"embeddable":true,"href":"https:\/\/azulejosutrilla.es\/index.php?rest_route=%2Fwp%2Fv2%2Fcomments&post=227"}],"version-history":[{"count":10,"href":"https:\/\/azulejosutrilla.es\/index.php?rest_route=\/wp\/v2\/pages\/227\/revisions"}],"predecessor-version":[{"id":245,"href":"https:\/\/azulejosutrilla.es\/index.php?rest_route=\/wp\/v2\/pages\/227\/revisions\/245"}],"wp:attachment":[{"href":"https:\/\/azulejosutrilla.es\/index.php?rest_route=%2Fwp%2Fv2%2Fmedia&parent=227"}],"curies":[{"name":"wp","href":"https:\/\/api.w.org\/{rel}","templated":true}]}}