{"id":15,"date":"2024-06-12T02:44:13","date_gmt":"2024-06-12T02:44:13","guid":{"rendered":"https:\/\/azulejosutrilla.cibert.net\/?page_id=15"},"modified":"2024-06-12T07:03:24","modified_gmt":"2024-06-12T07:03:24","slug":"piscinas","status":"publish","type":"page","link":"https:\/\/azulejosutrilla.es\/?page_id=15","title":{"rendered":"Piscinas"},"content":{"rendered":"\t\t<div data-elementor-type=\"wp-page\" data-elementor-id=\"15\" class=\"elementor elementor-15\" data-elementor-post-type=\"page\">\n\t\t\t\t<div class=\"elementor-element elementor-element-d2145a9 e-flex e-con-boxed e-con e-parent\" data-id=\"d2145a9\" data-element_type=\"container\" data-e-type=\"container\" data-settings=\"{&quot;background_background&quot;:&quot;classic&quot;}\">\n\t\t\t\t\t<div class=\"e-con-inner\">\n\t\t\t\t<div class=\"elementor-element elementor-element-f248f25 elementor-widget elementor-widget-heading\" data-id=\"f248f25\" data-element_type=\"widget\" data-e-type=\"widget\" data-widget_type=\"heading.default\">\n\t\t\t\t<div class=\"elementor-widget-container\">\n\t\t\t\t\t<h2 class=\"elementor-heading-title elementor-size-default\">Revestimiento de piscinas en Toledo<\/h2>\t\t\t\t<\/div>\n\t\t\t\t<\/div>\n\t\t\t\t\t<\/div>\n\t\t\t\t<\/div>\n\t\t<div class=\"elementor-element elementor-element-2a212d1 e-flex e-con-boxed e-con e-parent\" data-id=\"2a212d1\" data-element_type=\"container\" data-e-type=\"container\">\n\t\t\t\t\t<div class=\"e-con-inner\">\n\t\t\t\t<div class=\"elementor-element elementor-element-8aac6b0 elementor-widget elementor-widget-heading\" data-id=\"8aac6b0\" data-element_type=\"widget\" data-e-type=\"widget\" data-widget_type=\"heading.default\">\n\t\t\t\t<div class=\"elementor-widget-container\">\n\t\t\t\t\t<h2 class=\"elementor-heading-title elementor-size-default\">Azulejos para ba\u00f1os\n<\/h2>\t\t\t\t<\/div>\n\t\t\t\t<\/div>\n\t\t\t\t<div class=\"elementor-element elementor-element-48c39fd txt-lnk elementor-widget elementor-widget-text-editor\" data-id=\"48c39fd\" data-element_type=\"widget\" data-e-type=\"widget\" data-widget_type=\"text-editor.default\">\n\t\t\t\t<div class=\"elementor-widget-container\">\n\t\t\t\t\t\t\t\t\t<p class=\"bodytext\">Somos\u00a0<strong>Azulejos Utrilla<\/strong>, una empresa especializada en el revestimiento de piscinas que ofrece sus servicios en\u00a0<strong>Toledo<\/strong>.\u00a0<a tabindex=\"0\" href=\"tel:925418119\" data-global=\"phone\" data-track-event=\"click\" data-track-action=\"phone_link\">Cont\u00e1ctenos<\/a>.<\/p><p class=\"bodytext\">En nuestra empresa podemos a disposici\u00f3n de nuestros clientes una amplia selecci\u00f3n de materiales espec\u00edficos para el\u00a0<strong>revestimiento de piscinas<\/strong>. Contamos con materiales de primera calidad que pueden ver en nuestra exposici\u00f3n.<\/p><p class=\"bodytext\">Puede contar con nosotros para el revestimiento de su piscina, nos avalan los\u00a0<strong>a\u00f1os de experiencia<\/strong>\u00a0y la cantidad de clientes que ya han contratado nuestros servicios gracias a su calidad. Conf\u00ede en nuestros especialistas, adaptamos nuestros servicios a sus necesidades, le asesoraremos en todo lo que necesite,\u00a0<strong>contacte con nosotros sin compromiso.<\/strong><\/p><p class=\"bodytext\">Elegir el revestimiento de la piscina es de los pasos m\u00e1s importantes que debemos tener en cuenta a la hora de construirnos una piscina, ya que de ese revestimiento va a depender la\u00a0<strong>estanqueidad, el\u00a0mantenimiento\u00a0y la\u00a0limpieza de la piscina\u00a0<\/strong>y por su puesto la\u00a0est\u00e9tica, para esta \u00faltima contamos con materiales que pueden formar dibujos decorativos y a la vez nos est\u00e1n proporcionando una buena impermeabilidad necesaria en todas las piscinas.<\/p><p class=\"bodytext\">Por lo tanto, desde\u00a0<strong>Azulejos Utrilla<\/strong>\u00a0les aconsejamos que tengan en cuenta para elegir un correcto revestimiento en su piscina:<\/p><ul><li class=\"bodytext\">Capacidad de permeabilidad al agua<\/li><li class=\"bodytext\">Dureza<\/li><li class=\"bodytext\">Firmeza frente a la suciedad<\/li><li class=\"bodytext\">Resistencia a las heladas<\/li><li class=\"bodytext\">Capacidad de degeneraci\u00f3n<\/li><\/ul><p class=\"bodytext\">Con la evoluci\u00f3n de los materiales cer\u00e1micos los\u00a0<strong>revestimientos de las piscinas<\/strong>\u00a0van cambiando de los v\u00edtreos a los porcel\u00e1nicos, dando nuevas texturas m\u00e1s naturales que incluso se pueden acompa\u00f1ar con los mismos materiales en todos los alrededores de la piscina.<\/p><ul><li class=\"bodytext\">Mayor. Cer\u00e1mica<\/li><li class=\"bodytext\">Gresmanc y Mosavit<\/li><\/ul><p class=\"bodytext\">A continuaci\u00f3n les mostramos algunas de las piscinas hechas con materiales de\u00a0<strong>Azulejos Utrilla<\/strong>. Vis\u00edtenos si necesita que le ampliemos la informaci\u00f3n sobre nuestros productos, estaremos encantados de poder ayudarle.<\/p>\t\t\t\t\t\t\t\t<\/div>\n\t\t\t\t<\/div>\n\t\t\t\t\t<\/div>\n\t\t\t\t<\/div>\n\t\t<div class=\"elementor-element elementor-element-a671c2c e-flex e-con-boxed e-con e-parent\" data-id=\"a671c2c\" data-element_type=\"container\" data-e-type=\"container\">\n\t\t\t\t\t<div class=\"e-con-inner\">\n\t\t\t\t<div class=\"elementor-element elementor-element-b0993f7 elementor-widget elementor-widget-gallery\" data-id=\"b0993f7\" data-element_type=\"widget\" data-e-type=\"widget\" data-settings=\"{&quot;aspect_ratio&quot;:&quot;4:3&quot;,&quot;lazyload&quot;:&quot;yes&quot;,&quot;gallery_layout&quot;:&quot;grid&quot;,&quot;columns&quot;:4,&quot;columns_tablet&quot;:2,&quot;columns_mobile&quot;:1,&quot;gap&quot;:{&quot;unit&quot;:&quot;px&quot;,&quot;size&quot;:10,&quot;sizes&quot;:[]},&quot;gap_tablet&quot;:{&quot;unit&quot;:&quot;px&quot;,&quot;size&quot;:10,&quot;sizes&quot;:[]},&quot;gap_mobile&quot;:{&quot;unit&quot;:&quot;px&quot;,&quot;size&quot;:10,&quot;sizes&quot;:[]},&quot;link_to&quot;:&quot;file&quot;,&quot;overlay_background&quot;:&quot;yes&quot;,&quot;content_hover_animation&quot;:&quot;fade-in&quot;}\" data-widget_type=\"gallery.default\">\n\t\t\t\t<div class=\"elementor-widget-container\">\n\t\t\t\t\t\t\t<div class=\"elementor-gallery__container\">\n\t\t\t\t\t\t\t<a class=\"e-gallery-item elementor-gallery-item elementor-animated-content\" href=\"https:\/\/azulejosutrilla.es\/wp-content\/uploads\/2024\/06\/911926-Azulejos-Utrilla-piscinas.jpg\" data-elementor-open-lightbox=\"yes\" data-elementor-lightbox-slideshow=\"b0993f7\" data-elementor-lightbox-title=\"911926-Azulejos-Utrilla-piscinas\" data-e-action-hash=\"#elementor-action%3Aaction%3Dlightbox%26settings%3DeyJpZCI6MjA0LCJ1cmwiOiJodHRwczpcL1wvYXp1bGVqb3N1dHJpbGxhLmVzXC93cC1jb250ZW50XC91cGxvYWRzXC8yMDI0XC8wNlwvOTExOTI2LUF6dWxlam9zLVV0cmlsbGEtcGlzY2luYXMuanBnIiwic2xpZGVzaG93IjoiYjA5OTNmNyJ9\">\n\t\t\t\t\t<div class=\"e-gallery-image elementor-gallery-item__image\" data-thumbnail=\"https:\/\/azulejosutrilla.es\/wp-content\/uploads\/2024\/06\/911926-Azulejos-Utrilla-piscinas.jpg\" data-width=\"276\" data-height=\"177\" aria-label=\"\" role=\"img\" ><\/div>\n\t\t\t\t\t\t\t\t\t\t\t<div class=\"elementor-gallery-item__overlay\"><\/div>\n\t\t\t\t\t\t\t\t\t\t\t\t\t\t<\/a>\n\t\t\t\t\t\t\t<a class=\"e-gallery-item elementor-gallery-item elementor-animated-content\" href=\"https:\/\/azulejosutrilla.es\/wp-content\/uploads\/2024\/06\/911927-Azulejos-Utrilla-piscinas-2.jpg\" data-elementor-open-lightbox=\"yes\" data-elementor-lightbox-slideshow=\"b0993f7\" data-elementor-lightbox-title=\"911927-Azulejos-Utrilla-piscinas-2\" data-e-action-hash=\"#elementor-action%3Aaction%3Dlightbox%26settings%3DeyJpZCI6MjA1LCJ1cmwiOiJodHRwczpcL1wvYXp1bGVqb3N1dHJpbGxhLmVzXC93cC1jb250ZW50XC91cGxvYWRzXC8yMDI0XC8wNlwvOTExOTI3LUF6dWxlam9zLVV0cmlsbGEtcGlzY2luYXMtMi5qcGciLCJzbGlkZXNob3ciOiJiMDk5M2Y3In0%3D\">\n\t\t\t\t\t<div class=\"e-gallery-image elementor-gallery-item__image\" data-thumbnail=\"https:\/\/azulejosutrilla.es\/wp-content\/uploads\/2024\/06\/911927-Azulejos-Utrilla-piscinas-2.jpg\" data-width=\"276\" data-height=\"177\" aria-label=\"\" role=\"img\" ><\/div>\n\t\t\t\t\t\t\t\t\t\t\t<div class=\"elementor-gallery-item__overlay\"><\/div>\n\t\t\t\t\t\t\t\t\t\t\t\t\t\t<\/a>\n\t\t\t\t\t\t\t<a class=\"e-gallery-item elementor-gallery-item elementor-animated-content\" href=\"https:\/\/azulejosutrilla.es\/wp-content\/uploads\/2024\/06\/911928-Azulejos-Utrilla-piscinas-3.jpg\" data-elementor-open-lightbox=\"yes\" data-elementor-lightbox-slideshow=\"b0993f7\" data-elementor-lightbox-title=\"911928-Azulejos-Utrilla-piscinas-3\" data-e-action-hash=\"#elementor-action%3Aaction%3Dlightbox%26settings%3DeyJpZCI6MjA2LCJ1cmwiOiJodHRwczpcL1wvYXp1bGVqb3N1dHJpbGxhLmVzXC93cC1jb250ZW50XC91cGxvYWRzXC8yMDI0XC8wNlwvOTExOTI4LUF6dWxlam9zLVV0cmlsbGEtcGlzY2luYXMtMy5qcGciLCJzbGlkZXNob3ciOiJiMDk5M2Y3In0%3D\">\n\t\t\t\t\t<div class=\"e-gallery-image elementor-gallery-item__image\" data-thumbnail=\"https:\/\/azulejosutrilla.es\/wp-content\/uploads\/2024\/06\/911928-Azulejos-Utrilla-piscinas-3.jpg\" data-width=\"276\" data-height=\"177\" aria-label=\"\" role=\"img\" ><\/div>\n\t\t\t\t\t\t\t\t\t\t\t<div class=\"elementor-gallery-item__overlay\"><\/div>\n\t\t\t\t\t\t\t\t\t\t\t\t\t\t<\/a>\n\t\t\t\t\t\t\t<a class=\"e-gallery-item elementor-gallery-item elementor-animated-content\" href=\"https:\/\/azulejosutrilla.es\/wp-content\/uploads\/2024\/06\/911929-Azulejos-Utrilla-piscinas-4.jpg\" data-elementor-open-lightbox=\"yes\" data-elementor-lightbox-slideshow=\"b0993f7\" data-elementor-lightbox-title=\"911929-Azulejos-Utrilla-piscinas-4\" data-e-action-hash=\"#elementor-action%3Aaction%3Dlightbox%26settings%3DeyJpZCI6MjA3LCJ1cmwiOiJodHRwczpcL1wvYXp1bGVqb3N1dHJpbGxhLmVzXC93cC1jb250ZW50XC91cGxvYWRzXC8yMDI0XC8wNlwvOTExOTI5LUF6dWxlam9zLVV0cmlsbGEtcGlzY2luYXMtNC5qcGciLCJzbGlkZXNob3ciOiJiMDk5M2Y3In0%3D\">\n\t\t\t\t\t<div class=\"e-gallery-image elementor-gallery-item__image\" data-thumbnail=\"https:\/\/azulejosutrilla.es\/wp-content\/uploads\/2024\/06\/911929-Azulejos-Utrilla-piscinas-4.jpg\" data-width=\"276\" data-height=\"177\" aria-label=\"\" role=\"img\" ><\/div>\n\t\t\t\t\t\t\t\t\t\t\t<div class=\"elementor-gallery-item__overlay\"><\/div>\n\t\t\t\t\t\t\t\t\t\t\t\t\t\t<\/a>\n\t\t\t\t\t<\/div>\n\t\t\t\t\t<\/div>\n\t\t\t\t<\/div>\n\t\t\t\t\t<\/div>\n\t\t\t\t<\/div>\n\t\t<div class=\"elementor-element elementor-element-8748bb6 e-flex e-con-boxed e-con e-parent\" data-id=\"8748bb6\" data-element_type=\"container\" data-e-type=\"container\">\n\t\t\t\t\t<div class=\"e-con-inner\">\n\t\t<div class=\"elementor-element elementor-element-2c3f86d e-con-full e-flex e-con e-child\" data-id=\"2c3f86d\" data-element_type=\"container\" data-e-type=\"container\">\n\t\t\t\t<div class=\"elementor-element elementor-element-bf8f782 elementor-widget elementor-widget-image\" data-id=\"bf8f782\" data-element_type=\"widget\" data-e-type=\"widget\" data-widget_type=\"image.default\">\n\t\t\t\t<div class=\"elementor-widget-container\">\n\t\t\t\t\t\t\t\t\t\t\t\t\t\t\t\t<a href=\"https:\/\/mosavit.com\/\">\n\t\t\t\t\t\t\t<img decoding=\"async\" width=\"271\" height=\"120\" src=\"https:\/\/azulejosutrilla.es\/wp-content\/uploads\/2024\/06\/1097641-mosavit_logo-c51ce.jpg\" class=\"attachment-large size-large wp-image-183\" alt=\"\" \/>\t\t\t\t\t\t\t\t<\/a>\n\t\t\t\t\t\t\t\t\t\t\t\t\t\t\t<\/div>\n\t\t\t\t<\/div>\n\t\t\t\t<\/div>\n\t\t<div class=\"elementor-element elementor-element-58669f9 e-con-full e-flex e-con e-child\" data-id=\"58669f9\" data-element_type=\"container\" data-e-type=\"container\">\n\t\t\t\t<div class=\"elementor-element elementor-element-f854683 elementor-widget elementor-widget-image\" data-id=\"f854683\" data-element_type=\"widget\" data-e-type=\"widget\" data-widget_type=\"image.default\">\n\t\t\t\t<div class=\"elementor-widget-container\">\n\t\t\t\t\t\t\t\t\t\t\t\t\t\t\t\t<a href=\"http:\/\/www.ceramicamayor.com\/\">\n\t\t\t\t\t\t\t<img decoding=\"async\" width=\"271\" height=\"120\" src=\"https:\/\/azulejosutrilla.es\/wp-content\/uploads\/2024\/06\/932757-mayor-ceramica.jpg\" class=\"attachment-large size-large wp-image-184\" alt=\"\" \/>\t\t\t\t\t\t\t\t<\/a>\n\t\t\t\t\t\t\t\t\t\t\t\t\t\t\t<\/div>\n\t\t\t\t<\/div>\n\t\t\t\t<\/div>\n\t\t<div class=\"elementor-element elementor-element-69489d9 e-con-full e-flex e-con e-child\" data-id=\"69489d9\" data-element_type=\"container\" data-e-type=\"container\">\n\t\t\t\t<div class=\"elementor-element elementor-element-dbdc269 elementor-widget elementor-widget-image\" data-id=\"dbdc269\" data-element_type=\"widget\" data-e-type=\"widget\" data-widget_type=\"image.default\">\n\t\t\t\t<div class=\"elementor-widget-container\">\n\t\t\t\t\t\t\t\t\t\t\t\t\t\t\t\t<a href=\"http:\/\/www.gresmanc.com\/\">\n\t\t\t\t\t\t\t<img decoding=\"async\" width=\"271\" height=\"120\" src=\"https:\/\/azulejosutrilla.es\/wp-content\/uploads\/2024\/06\/932756-logo-gresmanc.jpg\" class=\"attachment-large size-large wp-image-185\" alt=\"\" \/>\t\t\t\t\t\t\t\t<\/a>\n\t\t\t\t\t\t\t\t\t\t\t\t\t\t\t<\/div>\n\t\t\t\t<\/div>\n\t\t\t\t<\/div>\n\t\t\t\t\t<\/div>\n\t\t\t\t<\/div>\n\t\t<div class=\"elementor-element elementor-element-0510c0e blu-sect e-flex e-con-boxed e-con e-parent\" data-id=\"0510c0e\" data-element_type=\"container\" data-e-type=\"container\" data-settings=\"{&quot;background_background&quot;:&quot;classic&quot;}\">\n\t\t\t\t\t<div class=\"e-con-inner\">\n\t\t<div class=\"elementor-element elementor-element-0b6ede5 e-flex e-con-boxed e-con e-child\" data-id=\"0b6ede5\" data-element_type=\"container\" data-e-type=\"container\">\n\t\t\t\t\t<div class=\"e-con-inner\">\n\t\t\t\t<div class=\"elementor-element elementor-element-dbb953a txt-lnk elementor-widget elementor-widget-heading\" data-id=\"dbb953a\" data-element_type=\"widget\" data-e-type=\"widget\" data-widget_type=\"heading.default\">\n\t\t\t\t<div class=\"elementor-widget-container\">\n\t\t\t\t\t<h2 class=\"elementor-heading-title elementor-size-default\">Empresa especializada en pavimentos y otros productos. <span><a href=\"tel:925418119\" style=\"color: #fff\">Contacte con nosotros<\/a><\/span>\n<\/h2>\t\t\t\t<\/div>\n\t\t\t\t<\/div>\n\t\t\t\t\t<\/div>\n\t\t\t\t<\/div>\n\t\t\t\t\t<\/div>\n\t\t\t\t<\/div>\n\t\t\t\t<\/div>\n\t\t","protected":false},"excerpt":{"rendered":"<p>Revestimiento de piscinas en Toledo Azulejos para ba\u00f1os Somos\u00a0Azulejos Utrilla, una empresa especializada en el revestimiento de piscinas que ofrece sus servicios en\u00a0Toledo.\u00a0Cont\u00e1ctenos. En nuestra empresa podemos a disposici\u00f3n de nuestros clientes una amplia selecci\u00f3n de materiales espec\u00edficos para el\u00a0revestimiento de piscinas. Contamos con materiales de primera calidad que pueden ver en nuestra exposici\u00f3n. Puede [&hellip;]<\/p>\n","protected":false},"author":1,"featured_media":0,"parent":0,"menu_order":0,"comment_status":"closed","ping_status":"closed","template":"elementor_header_footer","meta":{"footnotes":""},"class_list":["post-15","page","type-page","status-publish","hentry"],"_links":{"self":[{"href":"https:\/\/azulejosutrilla.es\/index.php?rest_route=\/wp\/v2\/pages\/15","targetHints":{"allow":["GET"]}}],"collection":[{"href":"https:\/\/azulejosutrilla.es\/index.php?rest_route=\/wp\/v2\/pages"}],"about":[{"href":"https:\/\/azulejosutrilla.es\/index.php?rest_route=\/wp\/v2\/types\/page"}],"author":[{"embeddable":true,"href":"https:\/\/azulejosutrilla.es\/index.php?rest_route=\/wp\/v2\/users\/1"}],"replies":[{"embeddable":true,"href":"https:\/\/azulejosutrilla.es\/index.php?rest_route=%2Fwp%2Fv2%2Fcomments&post=15"}],"version-history":[{"count":19,"href":"https:\/\/azulejosutrilla.es\/index.php?rest_route=\/wp\/v2\/pages\/15\/revisions"}],"predecessor-version":[{"id":225,"href":"https:\/\/azulejosutrilla.es\/index.php?rest_route=\/wp\/v2\/pages\/15\/revisions\/225"}],"wp:attachment":[{"href":"https:\/\/azulejosutrilla.es\/index.php?rest_route=%2Fwp%2Fv2%2Fmedia&parent=15"}],"curies":[{"name":"wp","href":"https:\/\/api.w.org\/{rel}","templated":true}]}}