{"id":13,"date":"2024-06-12T02:43:50","date_gmt":"2024-06-12T02:43:50","guid":{"rendered":"https:\/\/azulejosutrilla.cibert.net\/?page_id=13"},"modified":"2025-04-14T13:04:10","modified_gmt":"2025-04-14T13:04:10","slug":"azulejos-y-pavimentos","status":"publish","type":"page","link":"https:\/\/azulejosutrilla.es\/?page_id=13","title":{"rendered":"Azulejos y Pavimentos"},"content":{"rendered":"\t\t<div data-elementor-type=\"wp-page\" data-elementor-id=\"13\" class=\"elementor elementor-13\" data-elementor-post-type=\"page\">\n\t\t\t\t<div class=\"elementor-element elementor-element-3031c8f e-flex e-con-boxed e-con e-parent\" data-id=\"3031c8f\" data-element_type=\"container\" data-e-type=\"container\" data-settings=\"{&quot;background_background&quot;:&quot;classic&quot;}\">\n\t\t\t\t\t<div class=\"e-con-inner\">\n\t\t\t\t<div class=\"elementor-element elementor-element-4a19963 elementor-widget elementor-widget-heading\" data-id=\"4a19963\" data-element_type=\"widget\" data-e-type=\"widget\" data-widget_type=\"heading.default\">\n\t\t\t\t<div class=\"elementor-widget-container\">\n\t\t\t\t\t<h2 class=\"elementor-heading-title elementor-size-default\">Pavimentos en Toledo<\/h2>\t\t\t\t<\/div>\n\t\t\t\t<\/div>\n\t\t\t\t\t<\/div>\n\t\t\t\t<\/div>\n\t\t<div class=\"elementor-element elementor-element-e1d9996 e-flex e-con-boxed e-con e-parent\" data-id=\"e1d9996\" data-element_type=\"container\" data-e-type=\"container\">\n\t\t\t\t\t<div class=\"e-con-inner\">\n\t\t<div class=\"elementor-element elementor-element-d8531b3 e-con-full e-flex e-con e-child\" data-id=\"d8531b3\" data-element_type=\"container\" data-e-type=\"container\">\n\t\t\t\t<div class=\"elementor-element elementor-element-a810a99 elementor-widget elementor-widget-heading\" data-id=\"a810a99\" data-element_type=\"widget\" data-e-type=\"widget\" data-widget_type=\"heading.default\">\n\t\t\t\t<div class=\"elementor-widget-container\">\n\t\t\t\t\t<h2 class=\"elementor-heading-title elementor-size-default\">Azulejos y pavimentos<\/h2>\t\t\t\t<\/div>\n\t\t\t\t<\/div>\n\t\t\t\t<div class=\"elementor-element elementor-element-c4892f7 elementor-widget elementor-widget-text-editor\" data-id=\"c4892f7\" data-element_type=\"widget\" data-e-type=\"widget\" data-widget_type=\"text-editor.default\">\n\t\t\t\t<div class=\"elementor-widget-container\">\n\t\t\t\t\t\t\t\t\t<p>Trabajamos con las mejores marcas de pavimentos del mercado, somos <strong>Azulejos Utrilla, su tienda de pavimentos de confianza.<\/strong> Contacte con nosotros, nos encontramos ubicados en la ciudad de <strong>Toledo<\/strong>, venga a visitar nuestra exposici\u00f3n de azulejos.<\/p>\t\t\t\t\t\t\t\t<\/div>\n\t\t\t\t<\/div>\n\t\t\t\t<div class=\"elementor-element elementor-element-ece2247 elementor-widget elementor-widget-heading\" data-id=\"ece2247\" data-element_type=\"widget\" data-e-type=\"widget\" data-widget_type=\"heading.default\">\n\t\t\t\t<div class=\"elementor-widget-container\">\n\t\t\t\t\t<h2 class=\"elementor-heading-title elementor-size-default\">Pavimentos para exteriores e interiores<\/h2>\t\t\t\t<\/div>\n\t\t\t\t<\/div>\n\t\t\t\t<div class=\"elementor-element elementor-element-516bd71 elementor-widget elementor-widget-text-editor\" data-id=\"516bd71\" data-element_type=\"widget\" data-e-type=\"widget\" data-widget_type=\"text-editor.default\">\n\t\t\t\t<div class=\"elementor-widget-container\">\n\t\t\t\t\t\t\t\t\t<p>En <strong>Azulejos Utrilla<\/strong> contamos con una amplia variedad de pavimentos tanto para exteriores como para interiores, compru\u00e9belo en nuestras instalaciones.<\/p>\t\t\t\t\t\t\t\t<\/div>\n\t\t\t\t<\/div>\n\t\t\t\t<div class=\"elementor-element elementor-element-392dad8 elementor-widget elementor-widget-heading\" data-id=\"392dad8\" data-element_type=\"widget\" data-e-type=\"widget\" data-widget_type=\"heading.default\">\n\t\t\t\t<div class=\"elementor-widget-container\">\n\t\t\t\t\t<h2 class=\"elementor-heading-title elementor-size-default\">Gres<\/h2>\t\t\t\t<\/div>\n\t\t\t\t<\/div>\n\t\t\t\t<div class=\"elementor-element elementor-element-1e4e7d1 elementor-widget elementor-widget-text-editor\" data-id=\"1e4e7d1\" data-element_type=\"widget\" data-e-type=\"widget\" data-widget_type=\"text-editor.default\">\n\t\t\t\t<div class=\"elementor-widget-container\">\n\t\t\t\t\t\t\t\t\t<p>Con la modernizaci\u00f3n e industrializaci\u00f3n de las cer\u00e1micas se empezaron a elaborar productos m\u00e1s <strong>compactos, ligeros<\/strong> y que confer\u00edan una mayor resistencia por la utilizaci\u00f3n de esmaltes que al mismo tiempo generaban una mayor cantidad de terminaciones imitando a las terminaciones naturales como <strong>piedra, barro y maderas<\/strong>, consiguiendo unas texturas que en muchas ocasiones cuesta a cierta distancia distinguir si es madera, piedra natural o copia.<\/p><p>Los <strong>azulejos de gres<\/strong> son <strong>resistentes, antideslizantes<\/strong>, ideales para zonas muy transitadas.<\/p>\t\t\t\t\t\t\t\t<\/div>\n\t\t\t\t<\/div>\n\t\t\t\t<div class=\"elementor-element elementor-element-aa5de67 elementor-widget elementor-widget-heading\" data-id=\"aa5de67\" data-element_type=\"widget\" data-e-type=\"widget\" data-widget_type=\"heading.default\">\n\t\t\t\t<div class=\"elementor-widget-container\">\n\t\t\t\t\t<h2 class=\"elementor-heading-title elementor-size-default\">Porcel\u00e1nico<\/h2>\t\t\t\t<\/div>\n\t\t\t\t<\/div>\n\t\t\t\t<div class=\"elementor-element elementor-element-acd1387 elementor-widget elementor-widget-text-editor\" data-id=\"acd1387\" data-element_type=\"widget\" data-e-type=\"widget\" data-widget_type=\"text-editor.default\">\n\t\t\t\t<div class=\"elementor-widget-container\">\n\t\t\t\t\t\t\t\t\t<p>Producto de la investigaci\u00f3n es el gres &#8220;<strong>Porcel\u00e1nico<\/strong>&#8220;, resultado de la mezcla de diversas arcillas y de la elevada temperatura de cocci\u00f3n , es un material sumamente compacto y con un<strong> \u00edndice de absorci\u00f3n<\/strong> casi nulo , lo cual le confiere excelentes caracter\u00edsticas para ser colocado tanto en exteriores como en interiores , habr\u00eda que diferenciar dentro del porcel\u00e1nico el esmaltado (producto que lleva una capa de esmalte cer\u00e1mico) y el natural (la terminaci\u00f3n se consigue con arcillas de diferente granulometr\u00eda) que tiene un acabado m\u00e1s original.<\/p><p>Nuestros especialistas le ayudar\u00e1n a elegir entre los diferentes materiales, conozca un poco m\u00e1s sobre los <strong>porcel\u00e1nicos<\/strong>, es un material altamente resistente y con una alta durabilidad.<\/p>\t\t\t\t\t\t\t\t<\/div>\n\t\t\t\t<\/div>\n\t\t\t\t<div class=\"elementor-element elementor-element-9dd63a4 elementor-widget elementor-widget-heading\" data-id=\"9dd63a4\" data-element_type=\"widget\" data-e-type=\"widget\" data-widget_type=\"heading.default\">\n\t\t\t\t<div class=\"elementor-widget-container\">\n\t\t\t\t\t<h2 class=\"elementor-heading-title elementor-size-default\">Barro<\/h2>\t\t\t\t<\/div>\n\t\t\t\t<\/div>\n\t\t\t\t<div class=\"elementor-element elementor-element-beb9a66 elementor-widget elementor-widget-text-editor\" data-id=\"beb9a66\" data-element_type=\"widget\" data-e-type=\"widget\" data-widget_type=\"text-editor.default\">\n\t\t\t\t<div class=\"elementor-widget-container\">\n\t\t\t\t\t\t\t\t\t<p>Desde hace miles de a\u00f1os el pavimento natural y material de construcci\u00f3n por excelencia ha sido <strong>&#8220;El Barro&#8221;<\/strong> cocido, actualmente se fabrica en cer\u00e1micas modernas las cuales le dan un toque de <strong>calidez, envejecimiento y diversas<\/strong> texturas que hacen que las estancias realizadas con el barro sean \u00fanicas y acogedoras. Se utiliza para interiores, exteriores, pelda\u00f1os, vierteaguas, albardillas para piscinas, pasamanos y cualquier otra aplicaci\u00f3n por inveros\u00edmil que sea.<\/p><p>En <strong>Azulejos Utrilla<\/strong> trabajamos d\u00eda a d\u00eda para ofrecerle un servicio de calidad y por ello queremos invitarle a que conozca nuestras instalaciones La calidad de nuestros productos y los precios le convencer\u00e1n.<\/p>\t\t\t\t\t\t\t\t<\/div>\n\t\t\t\t<\/div>\n\t\t\t\t<\/div>\n\t\t<div class=\"elementor-element elementor-element-a2d6286 e-con-full e-flex e-con e-child\" data-id=\"a2d6286\" data-element_type=\"container\" data-e-type=\"container\">\n\t\t\t\t<div class=\"elementor-element elementor-element-6fe93c0 elementor-widget elementor-widget-image\" data-id=\"6fe93c0\" data-element_type=\"widget\" data-e-type=\"widget\" data-widget_type=\"image.default\">\n\t\t\t\t<div class=\"elementor-widget-container\">\n\t\t\t\t\t\t\t\t\t\t\t\t\t\t\t<img fetchpriority=\"high\" decoding=\"async\" width=\"367\" height=\"490\" src=\"https:\/\/azulejosutrilla.es\/wp-content\/uploads\/2024\/06\/911918-Azulejos-Utrilla-pavimentos-1.jpg\" class=\"attachment-large size-large wp-image-150\" alt=\"\" srcset=\"https:\/\/azulejosutrilla.es\/wp-content\/uploads\/2024\/06\/911918-Azulejos-Utrilla-pavimentos-1.jpg 367w, https:\/\/azulejosutrilla.es\/wp-content\/uploads\/2024\/06\/911918-Azulejos-Utrilla-pavimentos-1-225x300.jpg 225w\" sizes=\"(max-width: 367px) 100vw, 367px\" \/>\t\t\t\t\t\t\t\t\t\t\t\t\t\t\t<\/div>\n\t\t\t\t<\/div>\n\t\t\t\t<div class=\"elementor-element elementor-element-e325146 elementor-widget elementor-widget-image\" data-id=\"e325146\" data-element_type=\"widget\" data-e-type=\"widget\" data-widget_type=\"image.default\">\n\t\t\t\t<div class=\"elementor-widget-container\">\n\t\t\t\t\t\t\t\t\t\t\t\t\t\t\t<img decoding=\"async\" width=\"367\" height=\"490\" src=\"https:\/\/azulejosutrilla.es\/wp-content\/uploads\/2024\/06\/911921-Azulejos-Utrilla-pavimentos-4.jpg\" class=\"attachment-large size-large wp-image-151\" alt=\"\" srcset=\"https:\/\/azulejosutrilla.es\/wp-content\/uploads\/2024\/06\/911921-Azulejos-Utrilla-pavimentos-4.jpg 367w, https:\/\/azulejosutrilla.es\/wp-content\/uploads\/2024\/06\/911921-Azulejos-Utrilla-pavimentos-4-225x300.jpg 225w\" sizes=\"(max-width: 367px) 100vw, 367px\" \/>\t\t\t\t\t\t\t\t\t\t\t\t\t\t\t<\/div>\n\t\t\t\t<\/div>\n\t\t\t\t<\/div>\n\t\t\t\t\t<\/div>\n\t\t\t\t<\/div>\n\t\t<div class=\"elementor-element elementor-element-343688d e-flex e-con-boxed e-con e-parent\" data-id=\"343688d\" data-element_type=\"container\" data-e-type=\"container\">\n\t\t\t\t\t<div class=\"e-con-inner\">\n\t\t<div class=\"elementor-element elementor-element-f3b260d e-con-full e-flex e-con e-child\" data-id=\"f3b260d\" data-element_type=\"container\" data-e-type=\"container\">\n\t\t\t\t<div class=\"elementor-element elementor-element-016f638 elementor-widget elementor-widget-image\" data-id=\"016f638\" data-element_type=\"widget\" data-e-type=\"widget\" data-widget_type=\"image.default\">\n\t\t\t\t<div class=\"elementor-widget-container\">\n\t\t\t\t\t\t\t\t\t\t\t\t\t\t\t\t<a href=\"https:\/\/metropol-ceramica.com\/\">\n\t\t\t\t\t\t\t<img decoding=\"async\" width=\"271\" height=\"120\" src=\"https:\/\/azulejosutrilla.es\/wp-content\/uploads\/2024\/06\/932627-logo-metropol-1.jpg\" class=\"attachment-large size-large wp-image-175\" alt=\"\" \/>\t\t\t\t\t\t\t\t<\/a>\n\t\t\t\t\t\t\t\t\t\t\t\t\t\t\t<\/div>\n\t\t\t\t<\/div>\n\t\t\t\t<\/div>\n\t\t<div class=\"elementor-element elementor-element-dd8eb25 e-con-full e-flex e-con e-child\" data-id=\"dd8eb25\" data-element_type=\"container\" data-e-type=\"container\">\n\t\t\t\t<div class=\"elementor-element elementor-element-a00a6cf elementor-widget elementor-widget-image\" data-id=\"a00a6cf\" data-element_type=\"widget\" data-e-type=\"widget\" data-widget_type=\"image.default\">\n\t\t\t\t<div class=\"elementor-widget-container\">\n\t\t\t\t\t\t\t\t\t\t\t\t\t\t\t\t<a href=\"http:\/\/www.colorker.com\/\">\n\t\t\t\t\t\t\t<img loading=\"lazy\" decoding=\"async\" width=\"271\" height=\"120\" src=\"https:\/\/azulejosutrilla.es\/wp-content\/uploads\/2024\/06\/932753-logo-colorker.jpg\" class=\"attachment-large size-large wp-image-176\" alt=\"\" \/>\t\t\t\t\t\t\t\t<\/a>\n\t\t\t\t\t\t\t\t\t\t\t\t\t\t\t<\/div>\n\t\t\t\t<\/div>\n\t\t\t\t<\/div>\n\t\t<div class=\"elementor-element elementor-element-b565659 e-con-full e-flex e-con e-child\" data-id=\"b565659\" data-element_type=\"container\" data-e-type=\"container\">\n\t\t\t\t<div class=\"elementor-element elementor-element-b479854 elementor-widget elementor-widget-image\" data-id=\"b479854\" data-element_type=\"widget\" data-e-type=\"widget\" data-widget_type=\"image.default\">\n\t\t\t\t<div class=\"elementor-widget-container\">\n\t\t\t\t\t\t\t\t\t\t\t\t\t\t\t\t<a href=\"https:\/\/www.cifreceramica.com\/es\">\n\t\t\t\t\t\t\t<img loading=\"lazy\" decoding=\"async\" width=\"271\" height=\"120\" src=\"https:\/\/azulejosutrilla.es\/wp-content\/uploads\/2024\/06\/932754-logo-cifre.jpg\" class=\"attachment-large size-large wp-image-177\" alt=\"\" \/>\t\t\t\t\t\t\t\t<\/a>\n\t\t\t\t\t\t\t\t\t\t\t\t\t\t\t<\/div>\n\t\t\t\t<\/div>\n\t\t\t\t<\/div>\n\t\t\t\t\t<\/div>\n\t\t\t\t<\/div>\n\t\t<div class=\"elementor-element elementor-element-859a3cd e-flex e-con-boxed e-con e-parent\" data-id=\"859a3cd\" data-element_type=\"container\" data-e-type=\"container\">\n\t\t\t\t\t<div class=\"e-con-inner\">\n\t\t<div class=\"elementor-element elementor-element-2b69c1e e-con-full e-flex e-con e-child\" data-id=\"2b69c1e\" data-element_type=\"container\" data-e-type=\"container\">\n\t\t\t\t<div class=\"elementor-element elementor-element-49939bc elementor-widget elementor-widget-image\" data-id=\"49939bc\" data-element_type=\"widget\" data-e-type=\"widget\" data-widget_type=\"image.default\">\n\t\t\t\t<div class=\"elementor-widget-container\">\n\t\t\t\t\t\t\t\t\t\t\t\t\t\t\t\t<a href=\"http:\/\/www.azuvi.com\">\n\t\t\t\t\t\t\t<img loading=\"lazy\" decoding=\"async\" width=\"346\" height=\"167\" src=\"https:\/\/azulejosutrilla.es\/wp-content\/uploads\/2025\/04\/Captura-de-pantalla-2025-04-11-135546.jpg\" class=\"attachment-large size-large wp-image-295\" alt=\"\" srcset=\"https:\/\/azulejosutrilla.es\/wp-content\/uploads\/2025\/04\/Captura-de-pantalla-2025-04-11-135546.jpg 346w, https:\/\/azulejosutrilla.es\/wp-content\/uploads\/2025\/04\/Captura-de-pantalla-2025-04-11-135546-300x145.jpg 300w\" sizes=\"(max-width: 346px) 100vw, 346px\" \/>\t\t\t\t\t\t\t\t<\/a>\n\t\t\t\t\t\t\t\t\t\t\t\t\t\t\t<\/div>\n\t\t\t\t<\/div>\n\t\t\t\t<\/div>\n\t\t<div class=\"elementor-element elementor-element-c591454 e-con-full e-flex e-con e-child\" data-id=\"c591454\" data-element_type=\"container\" data-e-type=\"container\">\n\t\t\t\t<div class=\"elementor-element elementor-element-46b1c39 elementor-widget elementor-widget-image\" data-id=\"46b1c39\" data-element_type=\"widget\" data-e-type=\"widget\" data-widget_type=\"image.default\">\n\t\t\t\t<div class=\"elementor-widget-container\">\n\t\t\t\t\t\t\t\t\t\t\t\t\t\t\t\t<a href=\"https:\/\/www.myth-age.com\">\n\t\t\t\t\t\t\t<img loading=\"lazy\" decoding=\"async\" width=\"482\" height=\"173\" src=\"https:\/\/azulejosutrilla.es\/wp-content\/uploads\/2025\/04\/Captura-de-pantalla-2025-04-11-135639.jpg\" class=\"attachment-large size-large wp-image-294\" alt=\"\" srcset=\"https:\/\/azulejosutrilla.es\/wp-content\/uploads\/2025\/04\/Captura-de-pantalla-2025-04-11-135639.jpg 482w, https:\/\/azulejosutrilla.es\/wp-content\/uploads\/2025\/04\/Captura-de-pantalla-2025-04-11-135639-300x108.jpg 300w\" sizes=\"(max-width: 482px) 100vw, 482px\" \/>\t\t\t\t\t\t\t\t<\/a>\n\t\t\t\t\t\t\t\t\t\t\t\t\t\t\t<\/div>\n\t\t\t\t<\/div>\n\t\t\t\t<\/div>\n\t\t<div class=\"elementor-element elementor-element-c8c25c9 e-con-full e-flex e-con e-child\" data-id=\"c8c25c9\" data-element_type=\"container\" data-e-type=\"container\">\n\t\t\t\t<div class=\"elementor-element elementor-element-1823112 elementor-widget elementor-widget-image\" data-id=\"1823112\" data-element_type=\"widget\" data-e-type=\"widget\" data-widget_type=\"image.default\">\n\t\t\t\t<div class=\"elementor-widget-container\">\n\t\t\t\t\t\t\t\t\t\t\t\t\t\t\t\t<a href=\"https:\/\/www.pamesa.com\/index.html\">\n\t\t\t\t\t\t\t<img loading=\"lazy\" decoding=\"async\" width=\"305\" height=\"123\" src=\"https:\/\/azulejosutrilla.es\/wp-content\/uploads\/2024\/06\/logo-2.jpg\" class=\"attachment-large size-large wp-image-182\" alt=\"\" srcset=\"https:\/\/azulejosutrilla.es\/wp-content\/uploads\/2024\/06\/logo-2.jpg 305w, https:\/\/azulejosutrilla.es\/wp-content\/uploads\/2024\/06\/logo-2-300x121.jpg 300w\" sizes=\"(max-width: 305px) 100vw, 305px\" \/>\t\t\t\t\t\t\t\t<\/a>\n\t\t\t\t\t\t\t\t\t\t\t\t\t\t\t<\/div>\n\t\t\t\t<\/div>\n\t\t\t\t<\/div>\n\t\t\t\t\t<\/div>\n\t\t\t\t<\/div>\n\t\t<div class=\"elementor-element elementor-element-b773c00 e-flex e-con-boxed e-con e-parent\" data-id=\"b773c00\" data-element_type=\"container\" data-e-type=\"container\">\n\t\t\t\t\t<div class=\"e-con-inner\">\n\t\t<div class=\"elementor-element elementor-element-e2e518e e-con-full e-flex e-con e-child\" data-id=\"e2e518e\" data-element_type=\"container\" data-e-type=\"container\">\n\t\t\t\t<div class=\"elementor-element elementor-element-9ec5839 elementor-widget elementor-widget-image\" data-id=\"9ec5839\" data-element_type=\"widget\" data-e-type=\"widget\" data-widget_type=\"image.default\">\n\t\t\t\t<div class=\"elementor-widget-container\">\n\t\t\t\t\t\t\t\t\t\t\t\t\t\t\t\t<a href=\"http:\/\/www.vitacer.es\">\n\t\t\t\t\t\t\t<img loading=\"lazy\" decoding=\"async\" width=\"402\" height=\"217\" src=\"https:\/\/azulejosutrilla.es\/wp-content\/uploads\/2025\/04\/Captura-de-pantalla-2025-04-11-135737.jpg\" class=\"attachment-large size-large wp-image-293\" alt=\"\" srcset=\"https:\/\/azulejosutrilla.es\/wp-content\/uploads\/2025\/04\/Captura-de-pantalla-2025-04-11-135737.jpg 402w, https:\/\/azulejosutrilla.es\/wp-content\/uploads\/2025\/04\/Captura-de-pantalla-2025-04-11-135737-300x162.jpg 300w\" sizes=\"(max-width: 402px) 100vw, 402px\" \/>\t\t\t\t\t\t\t\t<\/a>\n\t\t\t\t\t\t\t\t\t\t\t\t\t\t\t<\/div>\n\t\t\t\t<\/div>\n\t\t\t\t<\/div>\n\t\t<div class=\"elementor-element elementor-element-561a605 e-con-full e-flex e-con e-child\" data-id=\"561a605\" data-element_type=\"container\" data-e-type=\"container\">\n\t\t\t\t<div class=\"elementor-element elementor-element-480dd10 elementor-widget elementor-widget-image\" data-id=\"480dd10\" data-element_type=\"widget\" data-e-type=\"widget\" data-widget_type=\"image.default\">\n\t\t\t\t<div class=\"elementor-widget-container\">\n\t\t\t\t\t\t\t\t\t\t\t\t\t\t\t\t<a href=\"https:\/\/www.undefasa.com\">\n\t\t\t\t\t\t\t<img loading=\"lazy\" decoding=\"async\" width=\"317\" height=\"112\" src=\"https:\/\/azulejosutrilla.es\/wp-content\/uploads\/2025\/04\/Captura-de-pantalla-2025-04-11-140611.jpg\" class=\"attachment-large size-large wp-image-299\" alt=\"\" srcset=\"https:\/\/azulejosutrilla.es\/wp-content\/uploads\/2025\/04\/Captura-de-pantalla-2025-04-11-140611.jpg 317w, https:\/\/azulejosutrilla.es\/wp-content\/uploads\/2025\/04\/Captura-de-pantalla-2025-04-11-140611-300x106.jpg 300w\" sizes=\"(max-width: 317px) 100vw, 317px\" \/>\t\t\t\t\t\t\t\t<\/a>\n\t\t\t\t\t\t\t\t\t\t\t\t\t\t\t<\/div>\n\t\t\t\t<\/div>\n\t\t\t\t<\/div>\n\t\t<div class=\"elementor-element elementor-element-7cad84c e-con-full e-flex e-con e-child\" data-id=\"7cad84c\" data-element_type=\"container\" data-e-type=\"container\">\n\t\t\t\t<div class=\"elementor-element elementor-element-deb371d elementor-widget elementor-widget-image\" data-id=\"deb371d\" data-element_type=\"widget\" data-e-type=\"widget\" data-widget_type=\"image.default\">\n\t\t\t\t<div class=\"elementor-widget-container\">\n\t\t\t\t\t\t\t\t\t\t\t\t\t\t\t\t<a href=\"https:\/\/www.rocersa.com\">\n\t\t\t\t\t\t\t<img loading=\"lazy\" decoding=\"async\" width=\"272\" height=\"106\" src=\"https:\/\/azulejosutrilla.es\/wp-content\/uploads\/2025\/04\/Captura-de-pantalla-2025-04-11-140310.jpg\" class=\"attachment-large size-large wp-image-301\" alt=\"\" \/>\t\t\t\t\t\t\t\t<\/a>\n\t\t\t\t\t\t\t\t\t\t\t\t\t\t\t<\/div>\n\t\t\t\t<\/div>\n\t\t\t\t<\/div>\n\t\t\t\t\t<\/div>\n\t\t\t\t<\/div>\n\t\t<div class=\"elementor-element elementor-element-69ef05c e-flex e-con-boxed e-con e-parent\" data-id=\"69ef05c\" data-element_type=\"container\" data-e-type=\"container\">\n\t\t\t\t\t<div class=\"e-con-inner\">\n\t\t<div class=\"elementor-element elementor-element-bb10bc7 e-con-full e-flex e-con e-child\" data-id=\"bb10bc7\" data-element_type=\"container\" data-e-type=\"container\">\n\t\t\t\t<div class=\"elementor-element elementor-element-5932b71 elementor-widget elementor-widget-image\" data-id=\"5932b71\" data-element_type=\"widget\" data-e-type=\"widget\" data-widget_type=\"image.default\">\n\t\t\t\t<div class=\"elementor-widget-container\">\n\t\t\t\t\t\t\t\t\t\t\t\t\t\t\t\t<a href=\"https:\/\/mosavit.com\/\">\n\t\t\t\t\t\t\t<img loading=\"lazy\" decoding=\"async\" width=\"271\" height=\"120\" src=\"https:\/\/azulejosutrilla.es\/wp-content\/uploads\/2024\/06\/1097641-mosavit_logo-c51ce.jpg\" class=\"attachment-large size-large wp-image-183\" alt=\"\" \/>\t\t\t\t\t\t\t\t<\/a>\n\t\t\t\t\t\t\t\t\t\t\t\t\t\t\t<\/div>\n\t\t\t\t<\/div>\n\t\t\t\t<\/div>\n\t\t<div class=\"elementor-element elementor-element-a5cde08 e-con-full e-flex e-con e-child\" data-id=\"a5cde08\" data-element_type=\"container\" data-e-type=\"container\">\n\t\t\t\t<div class=\"elementor-element elementor-element-498c5b6 elementor-widget elementor-widget-image\" data-id=\"498c5b6\" data-element_type=\"widget\" data-e-type=\"widget\" data-widget_type=\"image.default\">\n\t\t\t\t<div class=\"elementor-widget-container\">\n\t\t\t\t\t\t\t\t\t\t\t\t\t\t\t\t<a href=\"http:\/\/www.ceramicamayor.com\/\">\n\t\t\t\t\t\t\t<img loading=\"lazy\" decoding=\"async\" width=\"271\" height=\"120\" src=\"https:\/\/azulejosutrilla.es\/wp-content\/uploads\/2024\/06\/932757-mayor-ceramica.jpg\" class=\"attachment-large size-large wp-image-184\" alt=\"\" \/>\t\t\t\t\t\t\t\t<\/a>\n\t\t\t\t\t\t\t\t\t\t\t\t\t\t\t<\/div>\n\t\t\t\t<\/div>\n\t\t\t\t<\/div>\n\t\t<div class=\"elementor-element elementor-element-65255b1 e-con-full e-flex e-con e-child\" data-id=\"65255b1\" data-element_type=\"container\" data-e-type=\"container\">\n\t\t\t\t<div class=\"elementor-element elementor-element-0a5b144 elementor-widget elementor-widget-image\" data-id=\"0a5b144\" data-element_type=\"widget\" data-e-type=\"widget\" data-widget_type=\"image.default\">\n\t\t\t\t<div class=\"elementor-widget-container\">\n\t\t\t\t\t\t\t\t\t\t\t\t\t\t\t\t<a href=\"http:\/\/www.gresmanc.com\/\">\n\t\t\t\t\t\t\t<img loading=\"lazy\" decoding=\"async\" width=\"271\" height=\"120\" src=\"https:\/\/azulejosutrilla.es\/wp-content\/uploads\/2024\/06\/932756-logo-gresmanc.jpg\" class=\"attachment-large size-large wp-image-185\" alt=\"\" \/>\t\t\t\t\t\t\t\t<\/a>\n\t\t\t\t\t\t\t\t\t\t\t\t\t\t\t<\/div>\n\t\t\t\t<\/div>\n\t\t\t\t<\/div>\n\t\t\t\t\t<\/div>\n\t\t\t\t<\/div>\n\t\t<div class=\"elementor-element elementor-element-bc6808d blu-sect e-flex e-con-boxed e-con e-parent\" data-id=\"bc6808d\" data-element_type=\"container\" data-e-type=\"container\" data-settings=\"{&quot;background_background&quot;:&quot;classic&quot;}\">\n\t\t\t\t\t<div class=\"e-con-inner\">\n\t\t<div class=\"elementor-element elementor-element-7bb254e e-flex e-con-boxed e-con e-child\" data-id=\"7bb254e\" data-element_type=\"container\" data-e-type=\"container\">\n\t\t\t\t\t<div class=\"e-con-inner\">\n\t\t\t\t<div class=\"elementor-element elementor-element-e48c1c4 txt-lnk elementor-widget elementor-widget-heading\" data-id=\"e48c1c4\" data-element_type=\"widget\" data-e-type=\"widget\" data-widget_type=\"heading.default\">\n\t\t\t\t<div class=\"elementor-widget-container\">\n\t\t\t\t\t<h2 class=\"elementor-heading-title elementor-size-default\">Empresa especializada en pavimentos y otros productos. <span><a href=\"tel:925418119\" style=\"color: #fff\">Contacte con nosotros<\/a><\/span>\n<\/h2>\t\t\t\t<\/div>\n\t\t\t\t<\/div>\n\t\t\t\t\t<\/div>\n\t\t\t\t<\/div>\n\t\t\t\t\t<\/div>\n\t\t\t\t<\/div>\n\t\t\t\t<\/div>\n\t\t","protected":false},"excerpt":{"rendered":"<p>Pavimentos en Toledo Azulejos y pavimentos Trabajamos con las mejores marcas de pavimentos del mercado, somos Azulejos Utrilla, su tienda de pavimentos de confianza. Contacte con nosotros, nos encontramos ubicados en la ciudad de Toledo, venga a visitar nuestra exposici\u00f3n de azulejos. Pavimentos para exteriores e interiores En Azulejos Utrilla contamos con una amplia variedad [&hellip;]<\/p>\n","protected":false},"author":1,"featured_media":0,"parent":0,"menu_order":0,"comment_status":"closed","ping_status":"closed","template":"elementor_header_footer","meta":{"footnotes":""},"class_list":["post-13","page","type-page","status-publish","hentry"],"_links":{"self":[{"href":"https:\/\/azulejosutrilla.es\/index.php?rest_route=\/wp\/v2\/pages\/13","targetHints":{"allow":["GET"]}}],"collection":[{"href":"https:\/\/azulejosutrilla.es\/index.php?rest_route=\/wp\/v2\/pages"}],"about":[{"href":"https:\/\/azulejosutrilla.es\/index.php?rest_route=\/wp\/v2\/types\/page"}],"author":[{"embeddable":true,"href":"https:\/\/azulejosutrilla.es\/index.php?rest_route=\/wp\/v2\/users\/1"}],"replies":[{"embeddable":true,"href":"https:\/\/azulejosutrilla.es\/index.php?rest_route=%2Fwp%2Fv2%2Fcomments&post=13"}],"version-history":[{"count":43,"href":"https:\/\/azulejosutrilla.es\/index.php?rest_route=\/wp\/v2\/pages\/13\/revisions"}],"predecessor-version":[{"id":313,"href":"https:\/\/azulejosutrilla.es\/index.php?rest_route=\/wp\/v2\/pages\/13\/revisions\/313"}],"wp:attachment":[{"href":"https:\/\/azulejosutrilla.es\/index.php?rest_route=%2Fwp%2Fv2%2Fmedia&parent=13"}],"curies":[{"name":"wp","href":"https:\/\/api.w.org\/{rel}","templated":true}]}}